{"id":10290,"date":"2024-08-12T12:27:45","date_gmt":"2024-08-12T10:27:45","guid":{"rendered":"https:\/\/www.dmg-collection.fr\/interior-designer-in-tourrettes-sur-loup\/"},"modified":"2026-01-13T13:28:48","modified_gmt":"2026-01-13T12:28:48","slug":"interior-designer-in-tourrettes-sur-loup","status":"publish","type":"page","link":"https:\/\/www.dmg-collection.fr\/en\/interior-designer-in-tourrettes-sur-loup\/","title":{"rendered":"Interior designer in Tourrettes sur Loup"},"content":{"rendered":"<div class=\"gb-container gb-container-8b1a0c02\">\n<div class=\"gb-container gb-container-95bb1e10\"><\/div>\n\n<div class=\"gb-container gb-container-b890140c\">\n\n<h1 class=\"wp-block-heading\" id=\"architecte-dinterieur-et-decorateur-a-mougins-renovation-et-ameublement-de-villas\">Tourrettes sur Loup, architecture d&#8217;int\u00e9rieur, r\u00e9novation et agencement<\/h1>\n\n\n\n<h3 class=\"wp-block-heading\">DMG Collection, interior designer in Tourrettes sur Loup<\/h3>\n\n\n\n<p class=\"has-medium-font-size\">This authentic village in the hinterland of Nice, perched between the sea and the mountains, offers an exceptional panorama and an ideal living environment for lovers of historic architecture. With its narrow streets and vaulted passageways, Tourrettes-sur-Loup boasts a unique historical and architectural heritage on the French Riviera.  <\/p>\n\n<\/div>\n<\/div><div class=\"gb-container gb-container-f1c9b71a\">\n<div class=\"gb-container gb-container-ffa2412b\">\n\n<h2 class=\"wp-block-heading has-text-align-center\" id=\"implante-depuis-plus-de-10-ans-a-mougins-dmg-collection-est-un-bureau-detudes-specialise-en-architecture-dinterieur-et-decoration\">DMG Collection architect in Tourrettes sur Loup<\/h2>\n\n\n\n<p class=\"has-text-align-center has-medium-font-size\">Our design interior specializes in high-end renovation and design projects in Tourrettes-sur-Loup. DMG Collection meticulously plans every aspect of your project: handling administrative procedures with the town hall or urban planning office, designing the plans, managing the execution of the work, and overseeing the construction site. Specializing in high-end renovation and furnishing projects, DMG Collection manages your entire interior architecture and decoration project in Tourrettes-sur-Loup, delivering exceptional results and creating a unique, aesthetic, and cohesive living space.   <br \/><\/p>\n\n\n\n<h2 class=\"wp-block-heading\">Interior decoration, design, and furnishing of homes in Tourrettes-sur-Loup<\/h2>\n\n\n\n<p class=\"has-text-align-center has-medium-font-size\">DMG Collection designs your interior layout project down to the smallest detail, from creating plans for your kitchens, wardrobes, and bathrooms, to selecting materials and finishes. We also choose furniture for your high-end design in Tourrettes-sur-Loup, along with selecting upholstery fabrics for your chairs, custom curtains, and drapes. DMG Collection is the ideal partner for your high-end interior renovation and design project in Tourrettes-sur-Loup. From the initial sketch to project management, all the way to furnishing and installing your furniture on-site.   <br \/><\/p>\n\n\n\n<a class=\"gb-button gb-button-63127cef gb-button-text\" href=\"https:\/\/www.dmg-collection.fr\/en\/interior-design-projects-cannes-antibes\/\">D\u00e9couvrir nos r\u00e9alisations en architecture d&#8217;int\u00e9rieur<\/a>\n\n<\/div>\n<\/div><div class=\"gb-container gb-container-9bc13744\">\n<div class=\"gb-container gb-container-3a3db52e\">\n<div class=\"gb-container gb-container-b3dff89f\">\n\n<div style=\"height:53px\" aria-hidden=\"true\" class=\"wp-block-spacer\"><\/div>\n\n\n\n<h2 class=\"wp-block-heading\">Vous avez un projet de r\u00e9novation ou d&#8217;agencement d&#8217;int\u00e9rieur \u00e0 Tourrettes sur Loup ?<\/h2>\n\n<\/div>\n\n<div class=\"gb-container gb-container-c849eb28\">\n\n<div style=\"height:42px\" aria-hidden=\"true\" class=\"wp-block-spacer\"><\/div>\n\n\n\n<h2 class=\"wp-block-heading\">Contact-us :<\/h2>\n\n\n\n<div class=\"wp-block-contact-form-7-contact-form-selector\">\n<div class=\"wpcf7 no-js\" id=\"wpcf7-f11796-o1\" lang=\"en-US\" dir=\"ltr\" data-wpcf7-id=\"11796\">\n<div class=\"screen-reader-response\"><p role=\"status\" aria-live=\"polite\" aria-atomic=\"true\"><\/p> <ul><\/ul><\/div>\n<form action=\"\/en\/wp-json\/wp\/v2\/pages\/10290#wpcf7-f11796-o1\" method=\"post\" class=\"wpcf7-form init\" aria-label=\"Contact form\" novalidate=\"novalidate\" data-status=\"init\">\n<fieldset class=\"hidden-fields-container\"><input type=\"hidden\" name=\"_wpcf7\" value=\"11796\" \/><input type=\"hidden\" name=\"_wpcf7_version\" value=\"6.1.5\" \/><input type=\"hidden\" name=\"_wpcf7_locale\" value=\"en_US\" \/><input type=\"hidden\" name=\"_wpcf7_unit_tag\" value=\"wpcf7-f11796-o1\" \/><input type=\"hidden\" name=\"_wpcf7_container_post\" value=\"0\" \/><input type=\"hidden\" name=\"_wpcf7_posted_data_hash\" value=\"\" \/><input type=\"hidden\" name=\"_wpcf7_recaptcha_response\" value=\"\" \/>\n<\/fieldset>\n<p><span class=\"wpcf7-form-control-wrap\" data-name=\"your-name\"><input size=\"40\" maxlength=\"400\" class=\"wpcf7-form-control wpcf7-text wpcf7-validates-as-required\" aria-required=\"true\" aria-invalid=\"false\" placeholder=\"Pr\u00e9nom et Nom\" value=\"\" type=\"text\" name=\"your-name\" \/><\/span>\n<\/p>\n<p><span class=\"wpcf7-form-control-wrap\" data-name=\"your-email\"><input size=\"40\" maxlength=\"400\" class=\"wpcf7-form-control wpcf7-email wpcf7-validates-as-required wpcf7-text wpcf7-validates-as-email\" aria-required=\"true\" aria-invalid=\"false\" placeholder=\"E-mail\" value=\"\" type=\"email\" name=\"your-email\" \/><\/span>\n<\/p>\n<p><span class=\"wpcf7-form-control-wrap\" data-name=\"your-phone\"><input size=\"40\" maxlength=\"400\" class=\"wpcf7-form-control wpcf7-tel wpcf7-validates-as-required wpcf7-text wpcf7-validates-as-tel\" aria-required=\"true\" aria-invalid=\"false\" placeholder=\"T\u00e9l\u00e9phone\" value=\"\" type=\"tel\" name=\"your-phone\" \/><\/span>\n<\/p>\n<p><span class=\"wpcf7-form-control-wrap\" data-name=\"your-subject\"><input size=\"40\" maxlength=\"400\" class=\"wpcf7-form-control wpcf7-text wpcf7-validates-as-required\" aria-required=\"true\" aria-invalid=\"false\" placeholder=\"Sujet\" value=\"\" type=\"text\" name=\"your-subject\" \/><\/span>\n<\/p>\n<p><span class=\"wpcf7-form-control-wrap\" data-name=\"your-message\"><textarea cols=\"40\" rows=\"10\" maxlength=\"2000\" class=\"wpcf7-form-control wpcf7-textarea\" aria-invalid=\"false\" placeholder=\"Votre message (facultatif)\" name=\"your-message\"><\/textarea><\/span>\n<\/p>\n<p><input class=\"wpcf7-form-control wpcf7-submit has-spinner\" type=\"submit\" value=\"Envoyer\" \/>\n<\/p><div class=\"wpcf7-response-output\" aria-hidden=\"true\"><\/div>\n<\/form>\n<\/div>\n<\/div>\n\n<\/div>\n<\/div>\n<\/div><div class=\"gb-container gb-container-64ead586\">\n\n<div style=\"height:125px\" aria-hidden=\"true\" class=\"wp-block-spacer\"><\/div>\n\n\n\n<h2 class=\"wp-block-heading has-text-align-center\">Quelques r\u00e9alisations de projets<\/h2>\n\n\n\n<div class=\"wp-block-nextend-smartslider3\">[smartslider3 slider=&#8221;20&#8243;]<\/div>\n\n<\/div>","protected":false},"excerpt":{"rendered":"<p>Tourrettes sur Loup, architecture d&#8217;int\u00e9rieur, r\u00e9novation et agencement DMG Collection, interior designer in Tourrettes sur Loup This authentic village in the hinterland of Nice, perched between the sea and the mountains, offers an exceptional panorama and an ideal living environment for lovers of historic architecture. With its narrow streets and vaulted passageways, Tourrettes-sur-Loup boasts a &#8230; <a title=\"Interior designer in Tourrettes sur Loup\" class=\"read-more\" href=\"https:\/\/www.dmg-collection.fr\/en\/interior-designer-in-tourrettes-sur-loup\/\" aria-label=\"Read more about Interior designer in Tourrettes sur Loup\">Read More<\/a><\/p>\n","protected":false},"author":1,"featured_media":0,"parent":0,"menu_order":0,"comment_status":"closed","ping_status":"closed","template":"","meta":{"two_page_speed":{"current_score":{"desktop_score":96,"desktop_tti":"0.8\u00a0","mobile_score":81,"mobile_tti":"3.8\u00a0","date":"13.01.2026 01:29:16 pm","status":"completed"}},"footnotes":""},"class_list":["post-10290","page","type-page","status-publish"],"_links":{"self":[{"href":"https:\/\/www.dmg-collection.fr\/en\/wp-json\/wp\/v2\/pages\/10290","targetHints":{"allow":["GET"]}}],"collection":[{"href":"https:\/\/www.dmg-collection.fr\/en\/wp-json\/wp\/v2\/pages"}],"about":[{"href":"https:\/\/www.dmg-collection.fr\/en\/wp-json\/wp\/v2\/types\/page"}],"author":[{"embeddable":true,"href":"https:\/\/www.dmg-collection.fr\/en\/wp-json\/wp\/v2\/users\/1"}],"replies":[{"embeddable":true,"href":"https:\/\/www.dmg-collection.fr\/en\/wp-json\/wp\/v2\/comments?post=10290"}],"version-history":[{"count":7,"href":"https:\/\/www.dmg-collection.fr\/en\/wp-json\/wp\/v2\/pages\/10290\/revisions"}],"predecessor-version":[{"id":11694,"href":"https:\/\/www.dmg-collection.fr\/en\/wp-json\/wp\/v2\/pages\/10290\/revisions\/11694"}],"wp:attachment":[{"href":"https:\/\/www.dmg-collection.fr\/en\/wp-json\/wp\/v2\/media?parent=10290"}],"curies":[{"name":"wp","href":"https:\/\/api.w.org\/{rel}","templated":true}]}}