{"id":10285,"date":"2024-08-12T11:38:37","date_gmt":"2024-08-12T09:38:37","guid":{"rendered":"https:\/\/www.dmg-collection.fr\/interior-designer-in-mandelieu-la-napoule\/"},"modified":"2026-01-12T22:13:04","modified_gmt":"2026-01-12T21:13:04","slug":"interior-designer-in-mandelieu-la-napoule","status":"publish","type":"page","link":"https:\/\/www.dmg-collection.fr\/en\/interior-designer-in-mandelieu-la-napoule\/","title":{"rendered":"Interior designer in Mandelieu La Napoule"},"content":{"rendered":"<div class=\"gb-container gb-container-8b1a0c02\">\n<div class=\"gb-container gb-container-95bb1e10\"><\/div>\n\n<div class=\"gb-container gb-container-b890140c\">\n\n<h1 class=\"wp-block-heading\" id=\"architecte-dinterieur-et-decorateur-a-mougins-renovation-et-ameublement-de-villas\">R\u00e9novation et agencement de votre villa ou appartement \u00e0 Mandelieu La Napoule<\/h1>\n\n\n\n<h3 class=\"wp-block-heading\">DMG Collection, interior designer in Mandelieu La Napoule<\/h3>\n\n\n\n<p class=\"has-medium-font-size\">Located between Cannes and Fr\u00e9jus, Mandelieu La Napoule offers a wide panorama of sea and forest. It is a pleasant summer resort on the C\u00f4te d\u2019Azur, featuring a large marina. Numerous villas of various styles are spread across the commune. The Ch\u00e2teau de La Napoule, built facing the sea in the 14th century, has undergone many transformations to this day. Mandelieu La Napoule also boasts a golf course that will delight all enthusiasts of the sport.    <\/p>\n\n<\/div>\n<\/div><div class=\"gb-container gb-container-f1c9b71a\">\n<div class=\"gb-container gb-container-ffa2412b\">\n\n<h2 class=\"wp-block-heading has-text-align-center\" id=\"implante-depuis-plus-de-10-ans-a-mougins-dmg-collection-est-un-bureau-detudes-specialise-en-architecture-dinterieur-et-decoration\">Interior designer and architect in Mandelieu La Napoule<\/h2>\n\n\n\n<p class=\"has-text-align-center has-medium-font-size\">DMG Collection is a design office specializing in high-end interior architecture and decoration. Our office undertakes renovation projects for villas and apartments in the commune of Mandelieu La Napoule. We meticulously handle your project study, producing plans, elevations, 3D views, furniture layout plans, and administrative procedures. Once your project is defined and approved, we manage the implementation of your work with our teams of qualified tradespeople. We conduct site monitoring and schedule the work with weekly meetings. We prepare follow-up reports and ensure the proper execution of the work until project completion.     <br \/><\/p>\n\n\n\n<h2 class=\"wp-block-heading\">Luxury interior decoration in Mandelieu La Napoule and on the French Riviera.<\/h2>\n\n\n\n<p class=\"has-text-align-center has-medium-font-size\">DMG Collection is also a high-end design studio. We design your furnishing project through various phases, often linked to the construction phase, particularly for material selection, paint color choices, and more. We produce mood boards for each room in your interior, including selections for each piece of furniture, lighting, decorative accessories, upholstery fabric samples, textures, and materials. DMG Collection is thus able to offer you a complete and cohesive renovation, working with a team of specialized artisans, from the design of your curtains, drapes, and blinds to the creation of headboards, kitchens, and dressing rooms. We execute your interior decoration project in Mandelieu La Napoule as a turnkey solution.   <br \/><\/p>\n\n\n\n<a class=\"gb-button gb-button-63127cef gb-button-text\" href=\"https:\/\/www.dmg-collection.fr\/en\/interior-design-projects-cannes-antibes\/\">D\u00e9couvrir nos r\u00e9alisations en architecture d&#8217;int\u00e9rieur<\/a>\n\n<\/div>\n<\/div><div class=\"gb-container gb-container-9bc13744\">\n<div class=\"gb-container gb-container-3a3db52e\">\n<div class=\"gb-container gb-container-b3dff89f\">\n\n<div style=\"height:53px\" aria-hidden=\"true\" class=\"wp-block-spacer\"><\/div>\n\n\n\n<h2 class=\"wp-block-heading\">Vous avez un projet de r\u00e9novation ou d&#8217;agencement d&#8217;int\u00e9rieur \u00e0 Mandelieu la Napoule ?<\/h2>\n\n<\/div>\n\n<div class=\"gb-container gb-container-c849eb28\">\n\n<div style=\"height:42px\" aria-hidden=\"true\" class=\"wp-block-spacer\"><\/div>\n\n\n\n<h2 class=\"wp-block-heading\">Contact-us :<\/h2>\n\n\n\n<div class=\"wp-block-contact-form-7-contact-form-selector\">\n<div class=\"wpcf7 no-js\" id=\"wpcf7-f11796-o1\" lang=\"en-US\" dir=\"ltr\" data-wpcf7-id=\"11796\">\n<div class=\"screen-reader-response\"><p role=\"status\" aria-live=\"polite\" aria-atomic=\"true\"><\/p> <ul><\/ul><\/div>\n<form action=\"\/en\/wp-json\/wp\/v2\/pages\/10285#wpcf7-f11796-o1\" method=\"post\" class=\"wpcf7-form init\" aria-label=\"Contact form\" novalidate=\"novalidate\" data-status=\"init\">\n<fieldset class=\"hidden-fields-container\"><input type=\"hidden\" name=\"_wpcf7\" value=\"11796\" \/><input type=\"hidden\" name=\"_wpcf7_version\" value=\"6.1.5\" \/><input type=\"hidden\" name=\"_wpcf7_locale\" value=\"en_US\" \/><input type=\"hidden\" name=\"_wpcf7_unit_tag\" value=\"wpcf7-f11796-o1\" \/><input type=\"hidden\" name=\"_wpcf7_container_post\" value=\"0\" \/><input type=\"hidden\" name=\"_wpcf7_posted_data_hash\" value=\"\" \/><input type=\"hidden\" name=\"_wpcf7_recaptcha_response\" value=\"\" \/>\n<\/fieldset>\n<p><span class=\"wpcf7-form-control-wrap\" data-name=\"your-name\"><input size=\"40\" maxlength=\"400\" class=\"wpcf7-form-control wpcf7-text wpcf7-validates-as-required\" aria-required=\"true\" aria-invalid=\"false\" placeholder=\"Pr\u00e9nom et Nom\" value=\"\" type=\"text\" name=\"your-name\" \/><\/span>\n<\/p>\n<p><span class=\"wpcf7-form-control-wrap\" data-name=\"your-email\"><input size=\"40\" maxlength=\"400\" class=\"wpcf7-form-control wpcf7-email wpcf7-validates-as-required wpcf7-text wpcf7-validates-as-email\" aria-required=\"true\" aria-invalid=\"false\" placeholder=\"E-mail\" value=\"\" type=\"email\" name=\"your-email\" \/><\/span>\n<\/p>\n<p><span class=\"wpcf7-form-control-wrap\" data-name=\"your-phone\"><input size=\"40\" maxlength=\"400\" class=\"wpcf7-form-control wpcf7-tel wpcf7-validates-as-required wpcf7-text wpcf7-validates-as-tel\" aria-required=\"true\" aria-invalid=\"false\" placeholder=\"T\u00e9l\u00e9phone\" value=\"\" type=\"tel\" name=\"your-phone\" \/><\/span>\n<\/p>\n<p><span class=\"wpcf7-form-control-wrap\" data-name=\"your-subject\"><input size=\"40\" maxlength=\"400\" class=\"wpcf7-form-control wpcf7-text wpcf7-validates-as-required\" aria-required=\"true\" aria-invalid=\"false\" placeholder=\"Sujet\" value=\"\" type=\"text\" name=\"your-subject\" \/><\/span>\n<\/p>\n<p><span class=\"wpcf7-form-control-wrap\" data-name=\"your-message\"><textarea cols=\"40\" rows=\"10\" maxlength=\"2000\" class=\"wpcf7-form-control wpcf7-textarea\" aria-invalid=\"false\" placeholder=\"Votre message (facultatif)\" name=\"your-message\"><\/textarea><\/span>\n<\/p>\n<p><input class=\"wpcf7-form-control wpcf7-submit has-spinner\" type=\"submit\" value=\"Envoyer\" \/>\n<\/p><div class=\"wpcf7-response-output\" aria-hidden=\"true\"><\/div>\n<\/form>\n<\/div>\n<\/div>\n\n<\/div>\n<\/div>\n<\/div><div class=\"gb-container gb-container-64ead586\">\n\n<div style=\"height:125px\" aria-hidden=\"true\" class=\"wp-block-spacer\"><\/div>\n\n\n\n<h2 class=\"wp-block-heading has-text-align-center\">Quelques r\u00e9alisations de projets<\/h2>\n\n\n\n<div class=\"wp-block-nextend-smartslider3\">[smartslider3 slider=&#8221;20&#8243;]<\/div>\n\n<\/div>","protected":false},"excerpt":{"rendered":"<p>R\u00e9novation et agencement de votre villa ou appartement \u00e0 Mandelieu La Napoule DMG Collection, interior designer in Mandelieu La Napoule Located between Cannes and Fr\u00e9jus, Mandelieu La Napoule offers a wide panorama of sea and forest. It is a pleasant summer resort on the C\u00f4te d\u2019Azur, featuring a large marina. Numerous villas of various styles &#8230; <a title=\"Interior designer in Mandelieu La Napoule\" class=\"read-more\" href=\"https:\/\/www.dmg-collection.fr\/en\/interior-designer-in-mandelieu-la-napoule\/\" aria-label=\"Read more about Interior designer in Mandelieu La Napoule\">Read More<\/a><\/p>\n","protected":false},"author":1,"featured_media":0,"parent":0,"menu_order":0,"comment_status":"closed","ping_status":"closed","template":"","meta":{"two_page_speed":{"current_score":{"desktop_score":99,"desktop_tti":"0.8\u00a0","mobile_score":82,"mobile_tti":"3.6\u00a0","date":"12.01.2026 10:13:31 pm","status":"completed"}},"footnotes":""},"class_list":["post-10285","page","type-page","status-publish"],"_links":{"self":[{"href":"https:\/\/www.dmg-collection.fr\/en\/wp-json\/wp\/v2\/pages\/10285","targetHints":{"allow":["GET"]}}],"collection":[{"href":"https:\/\/www.dmg-collection.fr\/en\/wp-json\/wp\/v2\/pages"}],"about":[{"href":"https:\/\/www.dmg-collection.fr\/en\/wp-json\/wp\/v2\/types\/page"}],"author":[{"embeddable":true,"href":"https:\/\/www.dmg-collection.fr\/en\/wp-json\/wp\/v2\/users\/1"}],"replies":[{"embeddable":true,"href":"https:\/\/www.dmg-collection.fr\/en\/wp-json\/wp\/v2\/comments?post=10285"}],"version-history":[{"count":10,"href":"https:\/\/www.dmg-collection.fr\/en\/wp-json\/wp\/v2\/pages\/10285\/revisions"}],"predecessor-version":[{"id":11928,"href":"https:\/\/www.dmg-collection.fr\/en\/wp-json\/wp\/v2\/pages\/10285\/revisions\/11928"}],"wp:attachment":[{"href":"https:\/\/www.dmg-collection.fr\/en\/wp-json\/wp\/v2\/media?parent=10285"}],"curies":[{"name":"wp","href":"https:\/\/api.w.org\/{rel}","templated":true}]}}