{"id":10282,"date":"2024-08-12T11:12:24","date_gmt":"2024-08-12T09:12:24","guid":{"rendered":"https:\/\/www.dmg-collection.fr\/interior-designer-in-vence-and-saint-paul-de-vence\/"},"modified":"2026-01-12T20:40:23","modified_gmt":"2026-01-12T19:40:23","slug":"interior-designer-in-saint-paul-de-vence","status":"publish","type":"page","link":"https:\/\/www.dmg-collection.fr\/en\/interior-designer-in-saint-paul-de-vence\/","title":{"rendered":"Interior designer in Vence and Saint Paul de Vence"},"content":{"rendered":"<div class=\"gb-container gb-container-8b1a0c02\">\n<div class=\"gb-container gb-container-95bb1e10\"><\/div>\n\n<div class=\"gb-container gb-container-b890140c\">\n\n<h1 class=\"wp-block-heading\" id=\"architecte-dinterieur-et-decorateur-a-mougins-renovation-et-ameublement-de-villas\">Interior design, home renovation, layout and furnishing in Vence and Saint Paul de Vence<\/h1>\n\n\n\n<h3 class=\"wp-block-heading\">DMG Collection, your partner for the renovation and furnishing of your villa in Vence and Saint Paul de Vence<\/h3>\n\n\n\n<p class=\"has-medium-font-size\">Perched on its rocky spur between the sea and the Alps, Saint Paul de Vence is a highlight of the C\u00f4te d&#8217;Azur tourism, thanks to its medieval architectural interest and the stunning site that offers an exceptional panorama of the hills and the sea. St Paul de Vence has also hosted many renowned artists, as evidenced by the numerous art galleries located in the narrow streets of the old town and the famous <a href=\"https:\/\/www.fondation-maeght.com\/?lang=fr\" target=\"_blank\" data-type=\"link\" data-id=\"https:\/\/www.fondation-maeght.com\/?lang=fr\" rel=\"noreferrer noopener\">Maeght<\/a> <a href=\"https:\/\/www.fondation-maeght.com\/?lang=fr\" data-type=\"link\" data-id=\"https:\/\/www.fondation-maeght.com\/?lang=fr\" target=\"_blank\" rel=\"noopener\">Foundation<\/a> nearby. <br \/><\/p>\n\n<\/div>\n<\/div><div class=\"gb-container gb-container-f1c9b71a\">\n<div class=\"gb-container gb-container-ffa2412b\">\n\n<h2 class=\"wp-block-heading has-text-align-center\" id=\"implante-depuis-plus-de-10-ans-a-mougins-dmg-collection-est-un-bureau-detudes-specialise-en-architecture-dinterieur-et-decoration\">Interior designer, villa renovation in Saint Paul de Vence<\/h2>\n\n\n\n<p class=\"has-text-align-center has-medium-font-size\">For your renovation or interior design project in Vence and Saint Paul de Vence, DMG Collection design office, offers a tailored and high-end service. Our company manages your project in its entirety, from its design to project management, as well as its furnishing and interior decoration down to the finest details. DMG Collection guarantees quality services, thanks to our qualified artisan teams from various trades and the expertise of our study office, which has over 15 years of experience in the renovation and decoration of villas on the C\u00f4te d&#8217;Azur.   <br \/><\/p>\n\n\n\n<h2 class=\"wp-block-heading\">Layout and furnishing of your villa in Vence<\/h2>\n\n\n\n<p class=\"has-text-align-center has-medium-font-size\">DMG Collection carries out interior decoration projects in Saint Paul de Vence and throughout the C\u00f4te d&#8217;Azur. Our interior decoration study office designs your project down to the finest details. This includes selecting materials, paint, choosing furniture for your interior regardless of its style, selecting upholstery fabrics, taking measurements, planning furniture placement to scale, creating harmony boards for each room in your house, and producing 3D visuals upon client request. Once your interior decoration project is validated, DMG Collection implements your project and plans the delivery of your furniture until its final installation in all its details.   <br \/><\/p>\n\n\n\n<a class=\"gb-button gb-button-63127cef gb-button-text\" href=\"https:\/\/www.dmg-collection.fr\/en\/interior-design-projects-cannes-antibes\/\">D\u00e9couvrir nos r\u00e9alisations en architecture d&#8217;int\u00e9rieur<\/a>\n\n<\/div>\n<\/div><div class=\"gb-container gb-container-9bc13744\">\n<div class=\"gb-container gb-container-3a3db52e\">\n<div class=\"gb-container gb-container-b3dff89f\">\n\n<div style=\"height:53px\" aria-hidden=\"true\" class=\"wp-block-spacer\"><\/div>\n\n\n\n<h2 class=\"wp-block-heading\">Vous avez un projet de r\u00e9novation ou d&#8217;agencement d&#8217;int\u00e9rieur \u00e0 Saint Paul de Vence ?<\/h2>\n\n<\/div>\n\n<div class=\"gb-container gb-container-c849eb28\">\n\n<div style=\"height:42px\" aria-hidden=\"true\" class=\"wp-block-spacer\"><\/div>\n\n\n\n<h2 class=\"wp-block-heading\">Contact-us :<\/h2>\n\n\n\n<div class=\"wp-block-contact-form-7-contact-form-selector\">\n<div class=\"wpcf7 no-js\" id=\"wpcf7-f11796-o1\" lang=\"en-US\" dir=\"ltr\" data-wpcf7-id=\"11796\">\n<div class=\"screen-reader-response\"><p role=\"status\" aria-live=\"polite\" aria-atomic=\"true\"><\/p> <ul><\/ul><\/div>\n<form action=\"\/en\/wp-json\/wp\/v2\/pages\/10282#wpcf7-f11796-o1\" method=\"post\" class=\"wpcf7-form init\" aria-label=\"Contact form\" novalidate=\"novalidate\" data-status=\"init\">\n<fieldset class=\"hidden-fields-container\"><input type=\"hidden\" name=\"_wpcf7\" value=\"11796\" \/><input type=\"hidden\" name=\"_wpcf7_version\" value=\"6.1.5\" \/><input type=\"hidden\" name=\"_wpcf7_locale\" value=\"en_US\" \/><input type=\"hidden\" name=\"_wpcf7_unit_tag\" value=\"wpcf7-f11796-o1\" \/><input type=\"hidden\" name=\"_wpcf7_container_post\" value=\"0\" \/><input type=\"hidden\" name=\"_wpcf7_posted_data_hash\" value=\"\" \/><input type=\"hidden\" name=\"_wpcf7_recaptcha_response\" value=\"\" \/>\n<\/fieldset>\n<p><span class=\"wpcf7-form-control-wrap\" data-name=\"your-name\"><input size=\"40\" maxlength=\"400\" class=\"wpcf7-form-control wpcf7-text wpcf7-validates-as-required\" aria-required=\"true\" aria-invalid=\"false\" placeholder=\"Pr\u00e9nom et Nom\" value=\"\" type=\"text\" name=\"your-name\" \/><\/span>\n<\/p>\n<p><span class=\"wpcf7-form-control-wrap\" data-name=\"your-email\"><input size=\"40\" maxlength=\"400\" class=\"wpcf7-form-control wpcf7-email wpcf7-validates-as-required wpcf7-text wpcf7-validates-as-email\" aria-required=\"true\" aria-invalid=\"false\" placeholder=\"E-mail\" value=\"\" type=\"email\" name=\"your-email\" \/><\/span>\n<\/p>\n<p><span class=\"wpcf7-form-control-wrap\" data-name=\"your-phone\"><input size=\"40\" maxlength=\"400\" class=\"wpcf7-form-control wpcf7-tel wpcf7-validates-as-required wpcf7-text wpcf7-validates-as-tel\" aria-required=\"true\" aria-invalid=\"false\" placeholder=\"T\u00e9l\u00e9phone\" value=\"\" type=\"tel\" name=\"your-phone\" \/><\/span>\n<\/p>\n<p><span class=\"wpcf7-form-control-wrap\" data-name=\"your-subject\"><input size=\"40\" maxlength=\"400\" class=\"wpcf7-form-control wpcf7-text wpcf7-validates-as-required\" aria-required=\"true\" aria-invalid=\"false\" placeholder=\"Sujet\" value=\"\" type=\"text\" name=\"your-subject\" \/><\/span>\n<\/p>\n<p><span class=\"wpcf7-form-control-wrap\" data-name=\"your-message\"><textarea cols=\"40\" rows=\"10\" maxlength=\"2000\" class=\"wpcf7-form-control wpcf7-textarea\" aria-invalid=\"false\" placeholder=\"Votre message (facultatif)\" name=\"your-message\"><\/textarea><\/span>\n<\/p>\n<p><input class=\"wpcf7-form-control wpcf7-submit has-spinner\" type=\"submit\" value=\"Envoyer\" \/>\n<\/p><div class=\"wpcf7-response-output\" aria-hidden=\"true\"><\/div>\n<\/form>\n<\/div>\n<\/div>\n\n<\/div>\n<\/div>\n<\/div><div class=\"gb-container gb-container-64ead586\">\n\n<div style=\"height:125px\" aria-hidden=\"true\" class=\"wp-block-spacer\"><\/div>\n\n\n\n<h2 class=\"wp-block-heading has-text-align-center\">Quelques r\u00e9alisations de projets<\/h2>\n\n\n\n<div class=\"wp-block-nextend-smartslider3\">[smartslider3 slider=&#8221;20&#8243;]<\/div>\n\n<\/div>","protected":false},"excerpt":{"rendered":"<p>Interior design, home renovation, layout and furnishing in Vence and Saint Paul de Vence DMG Collection, your partner for the renovation and furnishing of your villa in Vence and Saint Paul de Vence Perched on its rocky spur between the sea and the Alps, Saint Paul de Vence is a highlight of the C\u00f4te d&#8217;Azur &#8230; <a title=\"Interior designer in Vence and Saint Paul de Vence\" class=\"read-more\" href=\"https:\/\/www.dmg-collection.fr\/en\/interior-designer-in-saint-paul-de-vence\/\" aria-label=\"Read more about Interior designer in Vence and Saint Paul de Vence\">Read More<\/a><\/p>\n","protected":false},"author":1,"featured_media":0,"parent":0,"menu_order":0,"comment_status":"closed","ping_status":"closed","template":"","meta":{"footnotes":""},"class_list":["post-10282","page","type-page","status-publish"],"_links":{"self":[{"href":"https:\/\/www.dmg-collection.fr\/en\/wp-json\/wp\/v2\/pages\/10282","targetHints":{"allow":["GET"]}}],"collection":[{"href":"https:\/\/www.dmg-collection.fr\/en\/wp-json\/wp\/v2\/pages"}],"about":[{"href":"https:\/\/www.dmg-collection.fr\/en\/wp-json\/wp\/v2\/types\/page"}],"author":[{"embeddable":true,"href":"https:\/\/www.dmg-collection.fr\/en\/wp-json\/wp\/v2\/users\/1"}],"replies":[{"embeddable":true,"href":"https:\/\/www.dmg-collection.fr\/en\/wp-json\/wp\/v2\/comments?post=10282"}],"version-history":[{"count":9,"href":"https:\/\/www.dmg-collection.fr\/en\/wp-json\/wp\/v2\/pages\/10282\/revisions"}],"predecessor-version":[{"id":11923,"href":"https:\/\/www.dmg-collection.fr\/en\/wp-json\/wp\/v2\/pages\/10282\/revisions\/11923"}],"wp:attachment":[{"href":"https:\/\/www.dmg-collection.fr\/en\/wp-json\/wp\/v2\/media?parent=10282"}],"curies":[{"name":"wp","href":"https:\/\/api.w.org\/{rel}","templated":true}]}}