{"id":10273,"date":"2024-08-12T10:58:52","date_gmt":"2024-08-12T08:58:52","guid":{"rendered":"https:\/\/www.dmg-collection.fr\/terre-blanche-interior-designer\/"},"modified":"2026-01-12T21:22:50","modified_gmt":"2026-01-12T20:22:50","slug":"terre-blanche-interior-designer","status":"publish","type":"page","link":"https:\/\/www.dmg-collection.fr\/en\/terre-blanche-interior-designer\/","title":{"rendered":"Terre Blanche Interior designer"},"content":{"rendered":"<div class=\"gb-container gb-container-8b1a0c02\">\n<div class=\"gb-container gb-container-95bb1e10\"><\/div>\n\n<div class=\"gb-container gb-container-b890140c\">\n\n<h1 class=\"wp-block-heading\" id=\"architecte-dinterieur-et-decorateur-a-mougins-renovation-et-ameublement-de-villas\">D\u00e9coration et agencement d&#8217;int\u00e9rieur dans le Var, Domaine de Terre Blanche<\/h1>\n\n\n\n<h3 class=\"wp-block-heading\">Your partner for the renovation and furnishing of your villa in Terre Blanche.<\/h3>\n\n\n\n<p class=\"has-medium-font-size\">Located in the heart of the stunning landscapes of Provence and the Var, the Terre Blanche estate is a private residence bordering two beautiful golf courses, recognized by golfers as one of the must-visit destinations on the French Riviera. As a result, numerous prestigious villas have been developed, attracting a European clientele. <br \/><br \/><\/p>\n\n<\/div>\n<\/div><div class=\"gb-container gb-container-f1c9b71a\">\n<div class=\"gb-container gb-container-ffa2412b\">\n\n<h2 class=\"wp-block-heading has-text-align-center\" id=\"implante-depuis-plus-de-10-ans-a-mougins-dmg-collection-est-un-bureau-detudes-specialise-en-architecture-dinterieur-et-decoration\">Luxury interior decoration in Terre Blanche.<\/h2>\n\n\n\n<p class=\"has-text-align-center has-medium-font-size\">DMG Collection offers you a high-end interior decoration and furnishing service for your villa in Terre Blanche. Recognized for the quality of its services, our design office conceives and implements the complete layout of your home, regardless of the decoration style. Our interior architecture firm selects indoor and outdoor furniture, materials and finishes, and fabrics for your curtains, drapes, headboards, etc. DMG Collection has 15 years of experience in villa decoration and interior architecture in the Var and on the French Riviera.  <br \/><\/p>\n\n\n\n<h2 class=\"wp-block-heading\">Interior designer in Terre Blanche Le Var<\/h2>\n\n\n\n<p class=\"has-text-align-center has-medium-font-size\">Composed of a team of qualified artisans, DMG Collection handles the execution of your interior renovation work. From the study of your project to its implementation, site supervision, and final furnishing, our design office supports you throughout the entire renovation process of your villa. This high-end, tailored service ensures results that meet your expectations.  <br \/><\/p>\n\n\n\n<h2 class=\"wp-block-heading\">Curtain and drape making for villas in Terre Blanche, Var<\/h2>\n\n\n\n<p>DMG Collection has an extensive library of upholstery fabrics from the finest publishers, featuring thousands of references that allow for the customization of your interior down to the finest details. Expert advice from our decorators on the choice of materials, colors, and textures will help you refine your selection. <br \/><\/p>\n\n\n\n<h2 class=\"wp-block-heading\">An ideal partner for enhancing your interior.<\/h2>\n\n\n\n<p>DMG Collection is an ideal partner for your villa design or renovation project in Terre Blanche. Our design office will provide you with solutions for a cohesive and successful project that meets your expectations. <br \/><\/p>\n\n\n\n<a class=\"gb-button gb-button-63127cef gb-button-text\" href=\"https:\/\/www.dmg-collection.fr\/en\/interior-design-projects-cannes-antibes\/\">D\u00e9couvrir nos r\u00e9alisations en architecture d&#8217;int\u00e9rieur<\/a>\n\n<\/div>\n<\/div><div class=\"gb-container gb-container-9bc13744\">\n<div class=\"gb-container gb-container-3a3db52e\">\n<div class=\"gb-container gb-container-b3dff89f\">\n\n<div style=\"height:53px\" aria-hidden=\"true\" class=\"wp-block-spacer\"><\/div>\n\n\n\n<h2 class=\"wp-block-heading\">Vous avez un projet de r\u00e9novation ou d&#8217;agencement d&#8217;int\u00e9rieur \u00e0 Terre Blanche Var ?<\/h2>\n\n<\/div>\n\n<div class=\"gb-container gb-container-c849eb28\">\n\n<div style=\"height:42px\" aria-hidden=\"true\" class=\"wp-block-spacer\"><\/div>\n\n\n\n<h2 class=\"wp-block-heading\">Contact-us :<\/h2>\n\n\n\n<div class=\"wp-block-contact-form-7-contact-form-selector\">\n<div class=\"wpcf7 no-js\" id=\"wpcf7-f11796-o1\" lang=\"en-US\" dir=\"ltr\" data-wpcf7-id=\"11796\">\n<div class=\"screen-reader-response\"><p role=\"status\" aria-live=\"polite\" aria-atomic=\"true\"><\/p> <ul><\/ul><\/div>\n<form action=\"\/en\/wp-json\/wp\/v2\/pages\/10273#wpcf7-f11796-o1\" method=\"post\" class=\"wpcf7-form init\" aria-label=\"Contact form\" novalidate=\"novalidate\" data-status=\"init\">\n<fieldset class=\"hidden-fields-container\"><input type=\"hidden\" name=\"_wpcf7\" value=\"11796\" \/><input type=\"hidden\" name=\"_wpcf7_version\" value=\"6.1.5\" \/><input type=\"hidden\" name=\"_wpcf7_locale\" value=\"en_US\" \/><input type=\"hidden\" name=\"_wpcf7_unit_tag\" value=\"wpcf7-f11796-o1\" \/><input type=\"hidden\" name=\"_wpcf7_container_post\" value=\"0\" \/><input type=\"hidden\" name=\"_wpcf7_posted_data_hash\" value=\"\" \/><input type=\"hidden\" name=\"_wpcf7_recaptcha_response\" value=\"\" \/>\n<\/fieldset>\n<p><span class=\"wpcf7-form-control-wrap\" data-name=\"your-name\"><input size=\"40\" maxlength=\"400\" class=\"wpcf7-form-control wpcf7-text wpcf7-validates-as-required\" aria-required=\"true\" aria-invalid=\"false\" placeholder=\"Pr\u00e9nom et Nom\" value=\"\" type=\"text\" name=\"your-name\" \/><\/span>\n<\/p>\n<p><span class=\"wpcf7-form-control-wrap\" data-name=\"your-email\"><input size=\"40\" maxlength=\"400\" class=\"wpcf7-form-control wpcf7-email wpcf7-validates-as-required wpcf7-text wpcf7-validates-as-email\" aria-required=\"true\" aria-invalid=\"false\" placeholder=\"E-mail\" value=\"\" type=\"email\" name=\"your-email\" \/><\/span>\n<\/p>\n<p><span class=\"wpcf7-form-control-wrap\" data-name=\"your-phone\"><input size=\"40\" maxlength=\"400\" class=\"wpcf7-form-control wpcf7-tel wpcf7-validates-as-required wpcf7-text wpcf7-validates-as-tel\" aria-required=\"true\" aria-invalid=\"false\" placeholder=\"T\u00e9l\u00e9phone\" value=\"\" type=\"tel\" name=\"your-phone\" \/><\/span>\n<\/p>\n<p><span class=\"wpcf7-form-control-wrap\" data-name=\"your-subject\"><input size=\"40\" maxlength=\"400\" class=\"wpcf7-form-control wpcf7-text wpcf7-validates-as-required\" aria-required=\"true\" aria-invalid=\"false\" placeholder=\"Sujet\" value=\"\" type=\"text\" name=\"your-subject\" \/><\/span>\n<\/p>\n<p><span class=\"wpcf7-form-control-wrap\" data-name=\"your-message\"><textarea cols=\"40\" rows=\"10\" maxlength=\"2000\" class=\"wpcf7-form-control wpcf7-textarea\" aria-invalid=\"false\" placeholder=\"Votre message (facultatif)\" name=\"your-message\"><\/textarea><\/span>\n<\/p>\n<p><input class=\"wpcf7-form-control wpcf7-submit has-spinner\" type=\"submit\" value=\"Envoyer\" \/>\n<\/p><div class=\"wpcf7-response-output\" aria-hidden=\"true\"><\/div>\n<\/form>\n<\/div>\n<\/div>\n\n<\/div>\n<\/div>\n<\/div><div class=\"gb-container gb-container-64ead586\">\n\n<div style=\"height:125px\" aria-hidden=\"true\" class=\"wp-block-spacer\"><\/div>\n\n\n\n<h2 class=\"wp-block-heading has-text-align-center\">Quelques r\u00e9alisations de projets<\/h2>\n\n\n\n<div class=\"wp-block-nextend-smartslider3\">[smartslider3 slider=&#8221;20&#8243;]<\/div>\n\n<\/div>","protected":false},"excerpt":{"rendered":"<p>D\u00e9coration et agencement d&#8217;int\u00e9rieur dans le Var, Domaine de Terre Blanche Your partner for the renovation and furnishing of your villa in Terre Blanche. Located in the heart of the stunning landscapes of Provence and the Var, the Terre Blanche estate is a private residence bordering two beautiful golf courses, recognized by golfers as one &#8230; <a title=\"Terre Blanche Interior designer\" class=\"read-more\" href=\"https:\/\/www.dmg-collection.fr\/en\/terre-blanche-interior-designer\/\" aria-label=\"Read more about Terre Blanche Interior designer\">Read More<\/a><\/p>\n","protected":false},"author":1,"featured_media":0,"parent":0,"menu_order":0,"comment_status":"closed","ping_status":"closed","template":"","meta":{"two_page_speed":{"current_score":{"desktop_score":99,"desktop_tti":"0.8\u00a0","mobile_score":83,"mobile_tti":"4.0\u00a0","date":"12.01.2026 09:23:15 pm","status":"completed"}},"footnotes":""},"class_list":["post-10273","page","type-page","status-publish"],"_links":{"self":[{"href":"https:\/\/www.dmg-collection.fr\/en\/wp-json\/wp\/v2\/pages\/10273","targetHints":{"allow":["GET"]}}],"collection":[{"href":"https:\/\/www.dmg-collection.fr\/en\/wp-json\/wp\/v2\/pages"}],"about":[{"href":"https:\/\/www.dmg-collection.fr\/en\/wp-json\/wp\/v2\/types\/page"}],"author":[{"embeddable":true,"href":"https:\/\/www.dmg-collection.fr\/en\/wp-json\/wp\/v2\/users\/1"}],"replies":[{"embeddable":true,"href":"https:\/\/www.dmg-collection.fr\/en\/wp-json\/wp\/v2\/comments?post=10273"}],"version-history":[{"count":13,"href":"https:\/\/www.dmg-collection.fr\/en\/wp-json\/wp\/v2\/pages\/10273\/revisions"}],"predecessor-version":[{"id":11937,"href":"https:\/\/www.dmg-collection.fr\/en\/wp-json\/wp\/v2\/pages\/10273\/revisions\/11937"}],"wp:attachment":[{"href":"https:\/\/www.dmg-collection.fr\/en\/wp-json\/wp\/v2\/media?parent=10273"}],"curies":[{"name":"wp","href":"https:\/\/api.w.org\/{rel}","templated":true}]}}