{"id":10270,"date":"2024-08-12T10:52:18","date_gmt":"2024-08-12T08:52:18","guid":{"rendered":"https:\/\/www.dmg-collection.fr\/beaulieu-sur-mer-interior-designer\/"},"modified":"2026-01-12T13:18:48","modified_gmt":"2026-01-12T12:18:48","slug":"beaulieu-sur-mer-interior-designer","status":"publish","type":"page","link":"https:\/\/www.dmg-collection.fr\/en\/beaulieu-sur-mer-interior-designer\/","title":{"rendered":"Beaulieu sur mer Interior designer"},"content":{"rendered":"<div class=\"gb-container gb-container-8b1a0c02\">\n<div class=\"gb-container gb-container-95bb1e10\"><\/div>\n\n<div class=\"gb-container gb-container-b890140c\">\n\n<h1 class=\"wp-block-heading\" id=\"architecte-dinterieur-et-decorateur-a-mougins-renovation-et-ameublement-de-villas\">Architecture d\u2019int\u00e9rieur, r\u00e9novation de villas et agencement d&#8217;int\u00e9rieur \u00e0 Beaulieu sur Mer<\/h1>\n\n\n\n<h3 class=\"wp-block-heading\">DMG Collection, your partner for the renovation and furnishing of your villa in Beaulieu-sur-Mer.<\/h3>\n\n\n\n<p class=\"has-medium-font-size\">Located to the east of Cap Ferrat, Beaulieu-sur-Mer is a seaside resort that has managed to preserve its original Belle \u00c9poque architecture. Dotted with luxurious villas and beautiful gardens by the sea, Beaulieu-sur-Mer is a pleasant and quiet town on the French Riviera, nestled in the heart of lush vegetation. <br \/><br \/><\/p>\n\n<\/div>\n<\/div><div class=\"gb-container gb-container-f1c9b71a\">\n<div class=\"gb-container gb-container-ffa2412b\">\n\n<h2 class=\"wp-block-heading has-text-align-center\" id=\"implante-depuis-plus-de-10-ans-a-mougins-dmg-collection-est-un-bureau-detudes-specialise-en-architecture-dinterieur-et-decoration\">Villa renovation and layout in Beaulieu sur Mer<\/h2>\n\n\n\n<p class=\"has-text-align-center has-medium-font-size\">DMG Collection, an interior architect and decorator, operates in the commune of Beaulieu-sur-Mer for villa renovation and interior decoration projects. Our design office specializes in high-end projects and supports you in the design of your interior project, managing the execution from the construction phase to the furnishing of your interior. With over 15 years of experience in architecture and interior decoration on the French Riviera, DMG Collection provides tailored solutions to ensure your project meets your expectations. Project design, production of plans, sketches, and 3D renderings, contractor consultation files, site supervision, etc.\u2014DMG Collection has assembled the best teams of craftsmen to ensure your renovation is executed to the highest standards.   <\/p>\n\n\n\n<h2 class=\"wp-block-heading\">Interior design and high-end furnishing in Beaulieu sur Mer<\/h2>\n\n\n\n<p class=\"has-text-align-center has-medium-font-size\">DMG Collection also offers a high-end service in interior decoration, with hundreds of references for furniture in every style and several thousand references for upholstery fabrics on the French Riviera. Our design office creates harmonious and fully customized interiors down to the finest details. Upholstery, curtains, drapes, wallpapers, lighting fixtures, indoor and outdoor furniture, rugs, and decorative art objects\u2014DMG Collection considers your project as a whole to deliver results beyond your expectations. <\/p>\n\n\n\n<a class=\"gb-button gb-button-63127cef gb-button-text\" href=\"https:\/\/www.dmg-collection.fr\/en\/interior-design-projects-cannes-antibes\/\">D\u00e9couvrir nos r\u00e9alisations en architecture d&#8217;int\u00e9rieur<\/a>\n\n<\/div>\n<\/div><div class=\"gb-container gb-container-9bc13744\">\n<div class=\"gb-container gb-container-3a3db52e\">\n<div class=\"gb-container gb-container-b3dff89f\">\n\n<div style=\"height:53px\" aria-hidden=\"true\" class=\"wp-block-spacer\"><\/div>\n\n\n\n<h2 class=\"wp-block-heading\">Vous avez un projet de r\u00e9novation ou d&#8217;agencement d&#8217;int\u00e9rieur \u00e0 Beaulieu sur Mer ?<\/h2>\n\n<\/div>\n\n<div class=\"gb-container gb-container-c849eb28\">\n\n<div style=\"height:42px\" aria-hidden=\"true\" class=\"wp-block-spacer\"><\/div>\n\n\n\n<h2 class=\"wp-block-heading\">Contact-us :<\/h2>\n\n\n\n<div class=\"wp-block-contact-form-7-contact-form-selector\">\n<div class=\"wpcf7 no-js\" id=\"wpcf7-f11796-o1\" lang=\"en-US\" dir=\"ltr\" data-wpcf7-id=\"11796\">\n<div class=\"screen-reader-response\"><p role=\"status\" aria-live=\"polite\" aria-atomic=\"true\"><\/p> <ul><\/ul><\/div>\n<form action=\"\/en\/wp-json\/wp\/v2\/pages\/10270#wpcf7-f11796-o1\" method=\"post\" class=\"wpcf7-form init\" aria-label=\"Contact form\" novalidate=\"novalidate\" data-status=\"init\">\n<fieldset class=\"hidden-fields-container\"><input type=\"hidden\" name=\"_wpcf7\" value=\"11796\" \/><input type=\"hidden\" name=\"_wpcf7_version\" value=\"6.1.5\" \/><input type=\"hidden\" name=\"_wpcf7_locale\" value=\"en_US\" \/><input type=\"hidden\" name=\"_wpcf7_unit_tag\" value=\"wpcf7-f11796-o1\" \/><input type=\"hidden\" name=\"_wpcf7_container_post\" value=\"0\" \/><input type=\"hidden\" name=\"_wpcf7_posted_data_hash\" value=\"\" \/><input type=\"hidden\" name=\"_wpcf7_recaptcha_response\" value=\"\" \/>\n<\/fieldset>\n<p><span class=\"wpcf7-form-control-wrap\" data-name=\"your-name\"><input size=\"40\" maxlength=\"400\" class=\"wpcf7-form-control wpcf7-text wpcf7-validates-as-required\" aria-required=\"true\" aria-invalid=\"false\" placeholder=\"Pr\u00e9nom et Nom\" value=\"\" type=\"text\" name=\"your-name\" \/><\/span>\n<\/p>\n<p><span class=\"wpcf7-form-control-wrap\" data-name=\"your-email\"><input size=\"40\" maxlength=\"400\" class=\"wpcf7-form-control wpcf7-email wpcf7-validates-as-required wpcf7-text wpcf7-validates-as-email\" aria-required=\"true\" aria-invalid=\"false\" placeholder=\"E-mail\" value=\"\" type=\"email\" name=\"your-email\" \/><\/span>\n<\/p>\n<p><span class=\"wpcf7-form-control-wrap\" data-name=\"your-phone\"><input size=\"40\" maxlength=\"400\" class=\"wpcf7-form-control wpcf7-tel wpcf7-validates-as-required wpcf7-text wpcf7-validates-as-tel\" aria-required=\"true\" aria-invalid=\"false\" placeholder=\"T\u00e9l\u00e9phone\" value=\"\" type=\"tel\" name=\"your-phone\" \/><\/span>\n<\/p>\n<p><span class=\"wpcf7-form-control-wrap\" data-name=\"your-subject\"><input size=\"40\" maxlength=\"400\" class=\"wpcf7-form-control wpcf7-text wpcf7-validates-as-required\" aria-required=\"true\" aria-invalid=\"false\" placeholder=\"Sujet\" value=\"\" type=\"text\" name=\"your-subject\" \/><\/span>\n<\/p>\n<p><span class=\"wpcf7-form-control-wrap\" data-name=\"your-message\"><textarea cols=\"40\" rows=\"10\" maxlength=\"2000\" class=\"wpcf7-form-control wpcf7-textarea\" aria-invalid=\"false\" placeholder=\"Votre message (facultatif)\" name=\"your-message\"><\/textarea><\/span>\n<\/p>\n<p><input class=\"wpcf7-form-control wpcf7-submit has-spinner\" type=\"submit\" value=\"Envoyer\" \/>\n<\/p><div class=\"wpcf7-response-output\" aria-hidden=\"true\"><\/div>\n<\/form>\n<\/div>\n<\/div>\n\n<\/div>\n<\/div>\n<\/div><div class=\"gb-container gb-container-64ead586\">\n\n<div style=\"height:125px\" aria-hidden=\"true\" class=\"wp-block-spacer\"><\/div>\n\n\n\n<h2 class=\"wp-block-heading has-text-align-center\">Quelques r\u00e9alisations de projets<\/h2>\n\n\n\n<div class=\"wp-block-nextend-smartslider3\">[smartslider3 slider=&#8221;20&#8243;]<\/div>\n\n<\/div>","protected":false},"excerpt":{"rendered":"<p>Architecture d\u2019int\u00e9rieur, r\u00e9novation de villas et agencement d&#8217;int\u00e9rieur \u00e0 Beaulieu sur Mer DMG Collection, your partner for the renovation and furnishing of your villa in Beaulieu-sur-Mer. Located to the east of Cap Ferrat, Beaulieu-sur-Mer is a seaside resort that has managed to preserve its original Belle \u00c9poque architecture. Dotted with luxurious villas and beautiful gardens &#8230; <a title=\"Beaulieu sur mer Interior designer\" class=\"read-more\" href=\"https:\/\/www.dmg-collection.fr\/en\/beaulieu-sur-mer-interior-designer\/\" aria-label=\"Read more about Beaulieu sur mer Interior designer\">Read More<\/a><\/p>\n","protected":false},"author":1,"featured_media":0,"parent":0,"menu_order":0,"comment_status":"closed","ping_status":"closed","template":"","meta":{"two_page_speed":{"current_score":{"desktop_score":99,"desktop_tti":"0.8\u00a0","mobile_score":80,"mobile_tti":"4.1\u00a0","date":"12.01.2026 01:19:13 pm","status":"completed"}},"footnotes":""},"class_list":["post-10270","page","type-page","status-publish"],"_links":{"self":[{"href":"https:\/\/www.dmg-collection.fr\/en\/wp-json\/wp\/v2\/pages\/10270","targetHints":{"allow":["GET"]}}],"collection":[{"href":"https:\/\/www.dmg-collection.fr\/en\/wp-json\/wp\/v2\/pages"}],"about":[{"href":"https:\/\/www.dmg-collection.fr\/en\/wp-json\/wp\/v2\/types\/page"}],"author":[{"embeddable":true,"href":"https:\/\/www.dmg-collection.fr\/en\/wp-json\/wp\/v2\/users\/1"}],"replies":[{"embeddable":true,"href":"https:\/\/www.dmg-collection.fr\/en\/wp-json\/wp\/v2\/comments?post=10270"}],"version-history":[{"count":8,"href":"https:\/\/www.dmg-collection.fr\/en\/wp-json\/wp\/v2\/pages\/10270\/revisions"}],"predecessor-version":[{"id":11761,"href":"https:\/\/www.dmg-collection.fr\/en\/wp-json\/wp\/v2\/pages\/10270\/revisions\/11761"}],"wp:attachment":[{"href":"https:\/\/www.dmg-collection.fr\/en\/wp-json\/wp\/v2\/media?parent=10270"}],"curies":[{"name":"wp","href":"https:\/\/api.w.org\/{rel}","templated":true}]}}