{"id":10266,"date":"2024-08-12T10:47:25","date_gmt":"2024-08-12T08:47:25","guid":{"rendered":"https:\/\/www.dmg-collection.fr\/biot-interior-designer\/"},"modified":"2026-01-12T21:41:04","modified_gmt":"2026-01-12T20:41:04","slug":"biot-interior-designer","status":"publish","type":"page","link":"https:\/\/www.dmg-collection.fr\/en\/biot-interior-designer\/","title":{"rendered":"Biot Interior designer"},"content":{"rendered":"<div class=\"gb-container gb-container-8b1a0c02\">\n<div class=\"gb-container gb-container-95bb1e10\"><\/div>\n\n<div class=\"gb-container gb-container-b890140c\">\n\n<h1 class=\"wp-block-heading\" id=\"architecte-dinterieur-et-decorateur-a-mougins-renovation-et-ameublement-de-villas\">DMG Collection home decor, renovation, layout and furnishing of your interiors in Biot<\/h1>\n\n\n\n<p class=\"has-medium-font-size\">An authentic village on the French Riviera, Biot is internationally renowned for its glass craftsmanship. Ideally located just minutes from the seaside and the city of Antibes, the town features several residential areas and charming estates. Many artists have made a stop here, including Fernand L\u00e9ger, whose <a href=\"https:\/\/musees-nationaux-alpesmaritimes.fr\/fleger\/\" target=\"_blank\" data-type=\"link\" data-id=\"https:\/\/musees-nationaux-alpesmaritimes.fr\/fleger\/\" rel=\"noreferrer noopener\">National Museum<\/a> stands at the foot of the village.  <br \/><br \/><\/p>\n\n<\/div>\n<\/div><div class=\"gb-container gb-container-f1c9b71a\">\n<div class=\"gb-container gb-container-ffa2412b\">\n\n<h2 class=\"wp-block-heading has-text-align-center\" id=\"implante-depuis-plus-de-10-ans-a-mougins-dmg-collection-est-un-bureau-detudes-specialise-en-architecture-dinterieur-et-decoration\">Interior designer in Biot, home layout and renovation <\/h2>\n\n\n\n<p class=\"has-text-align-center has-medium-font-size\">Our design office operates in the commune of Biot for renovation or decoration projects of villas, whether Proven\u00e7al or contemporary. DMG Collection offers a complete or partial service according to your needs, from project management of your renovation to the detailed furnishing of your interior. With over 15 years of experience in interior architecture on the French Riviera, DMG Collection has built relationships with the best craftsmen across all trades. Our design office creates your project based on your requirements and budget, and provides all the necessary documentation for your villa renovation project in Biot. This includes preliminary and final designs, contractor consultation files, project management and construction supervision, ensuring proper execution by all contractors, and final project delivery.    <br \/><\/p>\n\n\n\n<h2 class=\"wp-block-heading\">Design and furnishing of your interiors in Biot<\/h2>\n\n\n\n<p class=\"has-text-align-center has-medium-font-size\">In addition to the construction phase, DMG Collection also offers a complete service in interior decoration and furnishing, with high-end expertise. We produce your layout plans, mood boards featuring our selected furniture, upholstery fabric samples, woodwork finishes, 3D renderings upon client request, and more. DMG Collection, an interior decorator in Biot, executes your project down to the finest details with the utmost professionalism. Our interior design office has an extensive selection of furniture in all styles (sofas, armchairs, coffee tables, dining tables, garden furniture, consoles, TV units, bookshelves, lighting fixtures and pendants, rugs, curtains, and drapes, etc.). DMG Collection manages your entire interior decoration project, from design and order tracking to the delivery and installation of your furniture.   <\/p>\n\n\n\n<a class=\"gb-button gb-button-63127cef gb-button-text\" href=\"https:\/\/www.dmg-collection.fr\/en\/interior-design-projects-cannes-antibes\/\">D\u00e9couvrir nos r\u00e9alisations en architecture d&#8217;int\u00e9rieur<\/a>\n\n<\/div>\n<\/div><div class=\"gb-container gb-container-9bc13744\">\n<div class=\"gb-container gb-container-3a3db52e\">\n<div class=\"gb-container gb-container-b3dff89f\">\n\n<div style=\"height:53px\" aria-hidden=\"true\" class=\"wp-block-spacer\"><\/div>\n\n\n\n<h2 class=\"wp-block-heading\">Vous avez un projet de r\u00e9novation ou d&#8217;agencement d&#8217;int\u00e9rieur \u00e0 Biot?<\/h2>\n\n<\/div>\n\n<div class=\"gb-container gb-container-c849eb28\">\n\n<div style=\"height:42px\" aria-hidden=\"true\" class=\"wp-block-spacer\"><\/div>\n\n\n\n<h2 class=\"wp-block-heading\">Contact-us :<\/h2>\n\n\n\n<div class=\"wp-block-contact-form-7-contact-form-selector\">\n<div class=\"wpcf7 no-js\" id=\"wpcf7-f11796-o1\" lang=\"en-US\" dir=\"ltr\" data-wpcf7-id=\"11796\">\n<div class=\"screen-reader-response\"><p role=\"status\" aria-live=\"polite\" aria-atomic=\"true\"><\/p> <ul><\/ul><\/div>\n<form action=\"\/en\/wp-json\/wp\/v2\/pages\/10266#wpcf7-f11796-o1\" method=\"post\" class=\"wpcf7-form init\" aria-label=\"Contact form\" novalidate=\"novalidate\" data-status=\"init\">\n<fieldset class=\"hidden-fields-container\"><input type=\"hidden\" name=\"_wpcf7\" value=\"11796\" \/><input type=\"hidden\" name=\"_wpcf7_version\" value=\"6.1.5\" \/><input type=\"hidden\" name=\"_wpcf7_locale\" value=\"en_US\" \/><input type=\"hidden\" name=\"_wpcf7_unit_tag\" value=\"wpcf7-f11796-o1\" \/><input type=\"hidden\" name=\"_wpcf7_container_post\" value=\"0\" \/><input type=\"hidden\" name=\"_wpcf7_posted_data_hash\" value=\"\" \/><input type=\"hidden\" name=\"_wpcf7_recaptcha_response\" value=\"\" \/>\n<\/fieldset>\n<p><span class=\"wpcf7-form-control-wrap\" data-name=\"your-name\"><input size=\"40\" maxlength=\"400\" class=\"wpcf7-form-control wpcf7-text wpcf7-validates-as-required\" aria-required=\"true\" aria-invalid=\"false\" placeholder=\"Pr\u00e9nom et Nom\" value=\"\" type=\"text\" name=\"your-name\" \/><\/span>\n<\/p>\n<p><span class=\"wpcf7-form-control-wrap\" data-name=\"your-email\"><input size=\"40\" maxlength=\"400\" class=\"wpcf7-form-control wpcf7-email wpcf7-validates-as-required wpcf7-text wpcf7-validates-as-email\" aria-required=\"true\" aria-invalid=\"false\" placeholder=\"E-mail\" value=\"\" type=\"email\" name=\"your-email\" \/><\/span>\n<\/p>\n<p><span class=\"wpcf7-form-control-wrap\" data-name=\"your-phone\"><input size=\"40\" maxlength=\"400\" class=\"wpcf7-form-control wpcf7-tel wpcf7-validates-as-required wpcf7-text wpcf7-validates-as-tel\" aria-required=\"true\" aria-invalid=\"false\" placeholder=\"T\u00e9l\u00e9phone\" value=\"\" type=\"tel\" name=\"your-phone\" \/><\/span>\n<\/p>\n<p><span class=\"wpcf7-form-control-wrap\" data-name=\"your-subject\"><input size=\"40\" maxlength=\"400\" class=\"wpcf7-form-control wpcf7-text wpcf7-validates-as-required\" aria-required=\"true\" aria-invalid=\"false\" placeholder=\"Sujet\" value=\"\" type=\"text\" name=\"your-subject\" \/><\/span>\n<\/p>\n<p><span class=\"wpcf7-form-control-wrap\" data-name=\"your-message\"><textarea cols=\"40\" rows=\"10\" maxlength=\"2000\" class=\"wpcf7-form-control wpcf7-textarea\" aria-invalid=\"false\" placeholder=\"Votre message (facultatif)\" name=\"your-message\"><\/textarea><\/span>\n<\/p>\n<p><input class=\"wpcf7-form-control wpcf7-submit has-spinner\" type=\"submit\" value=\"Envoyer\" \/>\n<\/p><div class=\"wpcf7-response-output\" aria-hidden=\"true\"><\/div>\n<\/form>\n<\/div>\n<\/div>\n\n<\/div>\n<\/div>\n<\/div><div class=\"gb-container gb-container-64ead586\">\n\n<div style=\"height:125px\" aria-hidden=\"true\" class=\"wp-block-spacer\"><\/div>\n\n\n\n<h2 class=\"wp-block-heading has-text-align-center\">Quelques r\u00e9alisations de projets<\/h2>\n\n\n\n<div class=\"wp-block-nextend-smartslider3\">[smartslider3 slider=&#8221;20&#8243;]<\/div>\n\n<\/div>","protected":false},"excerpt":{"rendered":"<p>DMG Collection home decor, renovation, layout and furnishing of your interiors in Biot An authentic village on the French Riviera, Biot is internationally renowned for its glass craftsmanship. Ideally located just minutes from the seaside and the city of Antibes, the town features several residential areas and charming estates. Many artists have made a stop &#8230; <a title=\"Biot Interior designer\" class=\"read-more\" href=\"https:\/\/www.dmg-collection.fr\/en\/biot-interior-designer\/\" aria-label=\"Read more about Biot Interior designer\">Read More<\/a><\/p>\n","protected":false},"author":1,"featured_media":0,"parent":0,"menu_order":0,"comment_status":"closed","ping_status":"closed","template":"","meta":{"two_page_speed":{"current_score":{"desktop_score":97,"desktop_tti":"0.8\u00a0","mobile_score":82,"mobile_tti":"3.7\u00a0","date":"12.01.2026 09:41:32 pm","status":"completed"}},"footnotes":""},"class_list":["post-10266","page","type-page","status-publish"],"_links":{"self":[{"href":"https:\/\/www.dmg-collection.fr\/en\/wp-json\/wp\/v2\/pages\/10266","targetHints":{"allow":["GET"]}}],"collection":[{"href":"https:\/\/www.dmg-collection.fr\/en\/wp-json\/wp\/v2\/pages"}],"about":[{"href":"https:\/\/www.dmg-collection.fr\/en\/wp-json\/wp\/v2\/types\/page"}],"author":[{"embeddable":true,"href":"https:\/\/www.dmg-collection.fr\/en\/wp-json\/wp\/v2\/users\/1"}],"replies":[{"embeddable":true,"href":"https:\/\/www.dmg-collection.fr\/en\/wp-json\/wp\/v2\/comments?post=10266"}],"version-history":[{"count":11,"href":"https:\/\/www.dmg-collection.fr\/en\/wp-json\/wp\/v2\/pages\/10266\/revisions"}],"predecessor-version":[{"id":11936,"href":"https:\/\/www.dmg-collection.fr\/en\/wp-json\/wp\/v2\/pages\/10266\/revisions\/11936"}],"wp:attachment":[{"href":"https:\/\/www.dmg-collection.fr\/en\/wp-json\/wp\/v2\/media?parent=10266"}],"curies":[{"name":"wp","href":"https:\/\/api.w.org\/{rel}","templated":true}]}}