{"id":10262,"date":"2024-08-12T10:42:09","date_gmt":"2024-08-12T08:42:09","guid":{"rendered":"https:\/\/www.dmg-collection.fr\/opio-interior-designer\/"},"modified":"2026-01-12T12:16:35","modified_gmt":"2026-01-12T11:16:35","slug":"opio-interior-designer","status":"publish","type":"page","link":"https:\/\/www.dmg-collection.fr\/en\/opio-interior-designer\/","title":{"rendered":"Opio Interior designer"},"content":{"rendered":"<div class=\"gb-container gb-container-8b1a0c02\">\n<div class=\"gb-container gb-container-95bb1e10\"><\/div>\n\n<div class=\"gb-container gb-container-b890140c\">\n\n<h1 class=\"wp-block-heading\" id=\"architecte-dinterieur-et-decorateur-a-mougins-renovation-et-ameublement-de-villas\">DMG Collection home decor, renovation and layout of villas in Opio<\/h1>\n\n\n\n<p class=\"has-medium-font-size\">Located in the hinterland of Cannes, in the heart of unspoiled countryside and a peaceful environment, Opio is a Proven\u00e7al village with undeniable charm. With the nearby B\u00e9gude Golf Course and its famous mill where you can produce your own olive oil, the commune of Opio has developed a lovely rural residential area featuring Proven\u00e7al farmhouses and some more contemporary villas. <br \/><br \/><\/p>\n\n<\/div>\n<\/div><div class=\"gb-container gb-container-f1c9b71a\">\n<div class=\"gb-container gb-container-ffa2412b\">\n\n<h2 class=\"wp-block-heading has-text-align-center\" id=\"implante-depuis-plus-de-10-ans-a-mougins-dmg-collection-est-un-bureau-detudes-specialise-en-architecture-dinterieur-et-decoration\">Interior design and architecture in Opio, villa renovation and layout<\/h2>\n\n\n\n<p class=\"has-text-align-center has-medium-font-size\">DMG Collection design office, operates in the commune of Opio for villa and\/or Proven\u00e7al farmhouse renovations. We manage your entire project, from design, implementation of the work to furnishing. Project study and design in Opio: our interior architecture firm creates your renovation plans, preliminary and final designs, elevations, contractor consultation files, and 3D renderings upon client request. We handle the execution of renovation work and site supervision until final delivery.  <br \/><\/p>\n\n\n\n<h2 class=\"wp-block-heading\">Layout and furnishing of your interiors in Opio<\/h2>\n\n\n\n<p class=\"has-text-align-center has-medium-font-size\">DMG Collection designs your interior project down to the finest details, from selecting your furniture to choosing upholstery fabrics, curtains, and drapes. Choosing DMG Collection guarantees a harmonious and elegant interior that aligns with your expectations and lifestyle. Once your decoration project is approved, our interior design office handles the order tracking, furniture reception, and complete delivery and installation. <\/p>\n\n\n\n<a class=\"gb-button gb-button-63127cef gb-button-text\" href=\"https:\/\/www.dmg-collection.fr\/en\/interior-design-projects-cannes-antibes\/\">D\u00e9couvrir nos r\u00e9alisations en architecture d&#8217;int\u00e9rieur<\/a>\n\n<\/div>\n<\/div><div class=\"gb-container gb-container-9bc13744\">\n<div class=\"gb-container gb-container-3a3db52e\">\n<div class=\"gb-container gb-container-b3dff89f\">\n\n<div style=\"height:53px\" aria-hidden=\"true\" class=\"wp-block-spacer\"><\/div>\n\n\n\n<h2 class=\"wp-block-heading\">Vous avez un projet de r\u00e9novation ou d&#8217;agencement d&#8217;int\u00e9rieur \u00e0 Opio?<\/h2>\n\n<\/div>\n\n<div class=\"gb-container gb-container-c849eb28\">\n\n<div style=\"height:42px\" aria-hidden=\"true\" class=\"wp-block-spacer\"><\/div>\n\n\n\n<h2 class=\"wp-block-heading\">Contact-us :<\/h2>\n\n\n\n<div class=\"wp-block-contact-form-7-contact-form-selector\">\n<div class=\"wpcf7 no-js\" id=\"wpcf7-f11796-o1\" lang=\"en-US\" dir=\"ltr\" data-wpcf7-id=\"11796\">\n<div class=\"screen-reader-response\"><p role=\"status\" aria-live=\"polite\" aria-atomic=\"true\"><\/p> <ul><\/ul><\/div>\n<form action=\"\/en\/wp-json\/wp\/v2\/pages\/10262#wpcf7-f11796-o1\" method=\"post\" class=\"wpcf7-form init\" aria-label=\"Contact form\" novalidate=\"novalidate\" data-status=\"init\">\n<fieldset class=\"hidden-fields-container\"><input type=\"hidden\" name=\"_wpcf7\" value=\"11796\" \/><input type=\"hidden\" name=\"_wpcf7_version\" value=\"6.1.5\" \/><input type=\"hidden\" name=\"_wpcf7_locale\" value=\"en_US\" \/><input type=\"hidden\" name=\"_wpcf7_unit_tag\" value=\"wpcf7-f11796-o1\" \/><input type=\"hidden\" name=\"_wpcf7_container_post\" value=\"0\" \/><input type=\"hidden\" name=\"_wpcf7_posted_data_hash\" value=\"\" \/><input type=\"hidden\" name=\"_wpcf7_recaptcha_response\" value=\"\" \/>\n<\/fieldset>\n<p><span class=\"wpcf7-form-control-wrap\" data-name=\"your-name\"><input size=\"40\" maxlength=\"400\" class=\"wpcf7-form-control wpcf7-text wpcf7-validates-as-required\" aria-required=\"true\" aria-invalid=\"false\" placeholder=\"Pr\u00e9nom et Nom\" value=\"\" type=\"text\" name=\"your-name\" \/><\/span>\n<\/p>\n<p><span class=\"wpcf7-form-control-wrap\" data-name=\"your-email\"><input size=\"40\" maxlength=\"400\" class=\"wpcf7-form-control wpcf7-email wpcf7-validates-as-required wpcf7-text wpcf7-validates-as-email\" aria-required=\"true\" aria-invalid=\"false\" placeholder=\"E-mail\" value=\"\" type=\"email\" name=\"your-email\" \/><\/span>\n<\/p>\n<p><span class=\"wpcf7-form-control-wrap\" data-name=\"your-phone\"><input size=\"40\" maxlength=\"400\" class=\"wpcf7-form-control wpcf7-tel wpcf7-validates-as-required wpcf7-text wpcf7-validates-as-tel\" aria-required=\"true\" aria-invalid=\"false\" placeholder=\"T\u00e9l\u00e9phone\" value=\"\" type=\"tel\" name=\"your-phone\" \/><\/span>\n<\/p>\n<p><span class=\"wpcf7-form-control-wrap\" data-name=\"your-subject\"><input size=\"40\" maxlength=\"400\" class=\"wpcf7-form-control wpcf7-text wpcf7-validates-as-required\" aria-required=\"true\" aria-invalid=\"false\" placeholder=\"Sujet\" value=\"\" type=\"text\" name=\"your-subject\" \/><\/span>\n<\/p>\n<p><span class=\"wpcf7-form-control-wrap\" data-name=\"your-message\"><textarea cols=\"40\" rows=\"10\" maxlength=\"2000\" class=\"wpcf7-form-control wpcf7-textarea\" aria-invalid=\"false\" placeholder=\"Votre message (facultatif)\" name=\"your-message\"><\/textarea><\/span>\n<\/p>\n<p><input class=\"wpcf7-form-control wpcf7-submit has-spinner\" type=\"submit\" value=\"Envoyer\" \/>\n<\/p><div class=\"wpcf7-response-output\" aria-hidden=\"true\"><\/div>\n<\/form>\n<\/div>\n<\/div>\n\n<\/div>\n<\/div>\n<\/div><div class=\"gb-container gb-container-64ead586\">\n\n<div style=\"height:125px\" aria-hidden=\"true\" class=\"wp-block-spacer\"><\/div>\n\n\n\n<h2 class=\"wp-block-heading has-text-align-center\">Quelques r\u00e9alisations de projets<\/h2>\n\n\n\n<div class=\"wp-block-nextend-smartslider3\">[smartslider3 slider=&#8221;20&#8243;]<\/div>\n\n<\/div>","protected":false},"excerpt":{"rendered":"<p>DMG Collection home decor, renovation and layout of villas in Opio Located in the hinterland of Cannes, in the heart of unspoiled countryside and a peaceful environment, Opio is a Proven\u00e7al village with undeniable charm. With the nearby B\u00e9gude Golf Course and its famous mill where you can produce your own olive oil, the commune &#8230; <a title=\"Opio Interior designer\" class=\"read-more\" href=\"https:\/\/www.dmg-collection.fr\/en\/opio-interior-designer\/\" aria-label=\"Read more about Opio Interior designer\">Read More<\/a><\/p>\n","protected":false},"author":1,"featured_media":0,"parent":0,"menu_order":0,"comment_status":"closed","ping_status":"closed","template":"","meta":{"two_page_speed":{"current_score":{"desktop_score":98,"desktop_tti":"0.8\u00a0","mobile_score":82,"mobile_tti":"3.7\u00a0","date":"12.01.2026 12:17:05 pm","status":"completed"}},"footnotes":""},"class_list":["post-10262","page","type-page","status-publish"],"_links":{"self":[{"href":"https:\/\/www.dmg-collection.fr\/en\/wp-json\/wp\/v2\/pages\/10262","targetHints":{"allow":["GET"]}}],"collection":[{"href":"https:\/\/www.dmg-collection.fr\/en\/wp-json\/wp\/v2\/pages"}],"about":[{"href":"https:\/\/www.dmg-collection.fr\/en\/wp-json\/wp\/v2\/types\/page"}],"author":[{"embeddable":true,"href":"https:\/\/www.dmg-collection.fr\/en\/wp-json\/wp\/v2\/users\/1"}],"replies":[{"embeddable":true,"href":"https:\/\/www.dmg-collection.fr\/en\/wp-json\/wp\/v2\/comments?post=10262"}],"version-history":[{"count":8,"href":"https:\/\/www.dmg-collection.fr\/en\/wp-json\/wp\/v2\/pages\/10262\/revisions"}],"predecessor-version":[{"id":11771,"href":"https:\/\/www.dmg-collection.fr\/en\/wp-json\/wp\/v2\/pages\/10262\/revisions\/11771"}],"wp:attachment":[{"href":"https:\/\/www.dmg-collection.fr\/en\/wp-json\/wp\/v2\/media?parent=10262"}],"curies":[{"name":"wp","href":"https:\/\/api.w.org\/{rel}","templated":true}]}}