{"id":10253,"date":"2024-08-12T10:20:08","date_gmt":"2024-08-12T08:20:08","guid":{"rendered":"https:\/\/www.dmg-collection.fr\/chateauneuf-de-grasse-interior-designer\/"},"modified":"2026-01-12T22:15:22","modified_gmt":"2026-01-12T21:15:22","slug":"chateauneuf-de-grasse-interior-designer","status":"publish","type":"page","link":"https:\/\/www.dmg-collection.fr\/en\/chateauneuf-de-grasse-interior-designer\/","title":{"rendered":"Ch\u00e2teauneuf de Grasse Interior designer"},"content":{"rendered":"<div class=\"gb-container gb-container-8b1a0c02\">\n<div class=\"gb-container gb-container-95bb1e10\"><\/div>\n\n<div class=\"gb-container gb-container-b890140c\">\n\n<h1 class=\"wp-block-heading\" id=\"architecte-dinterieur-et-decorateur-a-mougins-renovation-et-ameublement-de-villas\">Interior design and decoration of your interiors in Ch\u00e2teauneuf de Grasse<\/h1>\n\n\n\n<h2 class=\"wp-block-heading\">DMG Collection, your partner for the renovation and furnishing of your home in Ch\u00e2teauneuf de Grasse.<\/h2>\n\n\n\n<p class=\"has-medium-font-size\">Located between Grasse and Cannes, the municipality of Ch\u00e2teauneuf de Grasse offers a peaceful environment away from the more tumultuous coastal life. It provides a setting closer to nature, just a stone&#8217;s throw from the first ski resorts, making it ideal for secondary villas where it&#8217;s pleasant to spend time with friends or family.<br \/><br \/><\/p>\n\n<\/div>\n<\/div><div class=\"gb-container gb-container-f1c9b71a\">\n<div class=\"gb-container gb-container-ffa2412b\">\n\n<h2 class=\"wp-block-heading has-text-align-center\" id=\"implante-depuis-plus-de-10-ans-a-mougins-dmg-collection-est-un-bureau-detudes-specialise-en-architecture-dinterieur-et-decoration\">Interior designer in Chateauneuf de Grasse : Home renovation<\/h2>\n\n\n\n<p class=\"has-text-align-center has-medium-font-size\">DMG Collection, architecture and design office, specializes in the renovation and interior layout of villas in the municipality of Ch\u00e2teauneuf de Grasse. Based on the French Riviera and operating throughout the region, our interior architecture firm offers tailored solutions for your villa renovation project in Ch\u00e2teauneuf de Grasse. <\/p>\n\n\n\n<p class=\"has-text-align-center has-medium-font-size\">After an initial visit to your home, our design office will manage the design phase of your project until its implementation and construction monitoring, as well as the furniture layout. DMG Collection guides and supports you throughout the development of your furnishing project, providing expert and professional advice to make the best choices based on your lifestyle. Once your renovation project is defined, DMG Collection prepares the consultation file for contractors with its highly qualified artisans before planning and executing the construction phase with our teams. Our design office oversees your interior renovation on-site in Ch\u00e2teauneuf de Grasse, coordinating and orchestrating each trade until delivery.   <br \/><\/p>\n\n\n\n<h2 class=\"wp-block-heading\">Interior design agency in Chateauneuf de Grasse : Houses and villas furnishing<\/h2>\n\n\n\n<p class=\"has-text-align-center has-medium-font-size\">In parallel with the renovation project study, DMG Collection designs the layout of your furniture and selects your indoor and outdoor pieces either in full or partially, according to your request. Our design office creates mood boards that include a selection of furniture combined with finishes and upholstery fabric choices. Your interior decoration project is examined in every detail. Once the interior decoration project is approved, DMG Collection places orders with its suppliers and organizes the delivery and installation of your furniture in Ch\u00e2teauneuf de Grasse in its entirety.   <\/p>\n\n\n\n<a class=\"gb-button gb-button-63127cef gb-button-text\" href=\"https:\/\/www.dmg-collection.fr\/projets-renovation-agencement-cannes-mougins\/\">D\u00e9couvrir nos r\u00e9alisations en architecture d&#8217;int\u00e9rieur<\/a>\n\n<\/div>\n<\/div><div class=\"gb-container gb-container-9bc13744\">\n<div class=\"gb-container gb-container-3a3db52e\">\n<div class=\"gb-container gb-container-b3dff89f\">\n\n<div style=\"height:53px\" aria-hidden=\"true\" class=\"wp-block-spacer\"><\/div>\n\n\n\n<h2 class=\"wp-block-heading\">Vous avez un projet de r\u00e9novation ou d&#8217;agencement d&#8217;int\u00e9rieur \u00e0 Ch\u00e2teauneuf de Grasse ?<\/h2>\n\n<\/div>\n\n<div class=\"gb-container gb-container-c849eb28\">\n\n<div style=\"height:42px\" aria-hidden=\"true\" class=\"wp-block-spacer\"><\/div>\n\n\n\n<h2 class=\"wp-block-heading\">Contact-us :<\/h2>\n\n\n\n<div class=\"wp-block-contact-form-7-contact-form-selector\">\n<div class=\"wpcf7 no-js\" id=\"wpcf7-f11796-o1\" lang=\"en-US\" dir=\"ltr\" data-wpcf7-id=\"11796\">\n<div class=\"screen-reader-response\"><p role=\"status\" aria-live=\"polite\" aria-atomic=\"true\"><\/p> <ul><\/ul><\/div>\n<form action=\"\/en\/wp-json\/wp\/v2\/pages\/10253#wpcf7-f11796-o1\" method=\"post\" class=\"wpcf7-form init\" aria-label=\"Contact form\" novalidate=\"novalidate\" data-status=\"init\">\n<fieldset class=\"hidden-fields-container\"><input type=\"hidden\" name=\"_wpcf7\" value=\"11796\" \/><input type=\"hidden\" name=\"_wpcf7_version\" value=\"6.1.5\" \/><input type=\"hidden\" name=\"_wpcf7_locale\" value=\"en_US\" \/><input type=\"hidden\" name=\"_wpcf7_unit_tag\" value=\"wpcf7-f11796-o1\" \/><input type=\"hidden\" name=\"_wpcf7_container_post\" value=\"0\" \/><input type=\"hidden\" name=\"_wpcf7_posted_data_hash\" value=\"\" \/><input type=\"hidden\" name=\"_wpcf7_recaptcha_response\" value=\"\" \/>\n<\/fieldset>\n<p><span class=\"wpcf7-form-control-wrap\" data-name=\"your-name\"><input size=\"40\" maxlength=\"400\" class=\"wpcf7-form-control wpcf7-text wpcf7-validates-as-required\" aria-required=\"true\" aria-invalid=\"false\" placeholder=\"Pr\u00e9nom et Nom\" value=\"\" type=\"text\" name=\"your-name\" \/><\/span>\n<\/p>\n<p><span class=\"wpcf7-form-control-wrap\" data-name=\"your-email\"><input size=\"40\" maxlength=\"400\" class=\"wpcf7-form-control wpcf7-email wpcf7-validates-as-required wpcf7-text wpcf7-validates-as-email\" aria-required=\"true\" aria-invalid=\"false\" placeholder=\"E-mail\" value=\"\" type=\"email\" name=\"your-email\" \/><\/span>\n<\/p>\n<p><span class=\"wpcf7-form-control-wrap\" data-name=\"your-phone\"><input size=\"40\" maxlength=\"400\" class=\"wpcf7-form-control wpcf7-tel wpcf7-validates-as-required wpcf7-text wpcf7-validates-as-tel\" aria-required=\"true\" aria-invalid=\"false\" placeholder=\"T\u00e9l\u00e9phone\" value=\"\" type=\"tel\" name=\"your-phone\" \/><\/span>\n<\/p>\n<p><span class=\"wpcf7-form-control-wrap\" data-name=\"your-subject\"><input size=\"40\" maxlength=\"400\" class=\"wpcf7-form-control wpcf7-text wpcf7-validates-as-required\" aria-required=\"true\" aria-invalid=\"false\" placeholder=\"Sujet\" value=\"\" type=\"text\" name=\"your-subject\" \/><\/span>\n<\/p>\n<p><span class=\"wpcf7-form-control-wrap\" data-name=\"your-message\"><textarea cols=\"40\" rows=\"10\" maxlength=\"2000\" class=\"wpcf7-form-control wpcf7-textarea\" aria-invalid=\"false\" placeholder=\"Votre message (facultatif)\" name=\"your-message\"><\/textarea><\/span>\n<\/p>\n<p><input class=\"wpcf7-form-control wpcf7-submit has-spinner\" type=\"submit\" value=\"Envoyer\" \/>\n<\/p><div class=\"wpcf7-response-output\" aria-hidden=\"true\"><\/div>\n<\/form>\n<\/div>\n<\/div>\n\n<\/div>\n<\/div>\n<\/div><div class=\"gb-container gb-container-64ead586\">\n\n<div style=\"height:125px\" aria-hidden=\"true\" class=\"wp-block-spacer\"><\/div>\n\n\n\n<h2 class=\"wp-block-heading has-text-align-center\">Quelques r\u00e9alisations de projets<\/h2>\n\n\n\n<div class=\"wp-block-nextend-smartslider3\">[smartslider3 slider=&#8221;20&#8243;]<\/div>\n\n<\/div>","protected":false},"excerpt":{"rendered":"<p>Interior design and decoration of your interiors in Ch\u00e2teauneuf de Grasse DMG Collection, your partner for the renovation and furnishing of your home in Ch\u00e2teauneuf de Grasse. Located between Grasse and Cannes, the municipality of Ch\u00e2teauneuf de Grasse offers a peaceful environment away from the more tumultuous coastal life. It provides a setting closer to &#8230; <a title=\"Ch\u00e2teauneuf de Grasse Interior designer\" class=\"read-more\" href=\"https:\/\/www.dmg-collection.fr\/en\/chateauneuf-de-grasse-interior-designer\/\" aria-label=\"Read more about Ch\u00e2teauneuf de Grasse Interior designer\">Read More<\/a><\/p>\n","protected":false},"author":1,"featured_media":0,"parent":0,"menu_order":0,"comment_status":"closed","ping_status":"closed","template":"","meta":{"two_page_speed":{"current_score":{"desktop_score":98,"desktop_tti":"0.8\u00a0","mobile_score":82,"mobile_tti":"3.7\u00a0","date":"12.01.2026 10:32:38 am","status":"completed"}},"footnotes":""},"class_list":["post-10253","page","type-page","status-publish"],"_links":{"self":[{"href":"https:\/\/www.dmg-collection.fr\/en\/wp-json\/wp\/v2\/pages\/10253","targetHints":{"allow":["GET"]}}],"collection":[{"href":"https:\/\/www.dmg-collection.fr\/en\/wp-json\/wp\/v2\/pages"}],"about":[{"href":"https:\/\/www.dmg-collection.fr\/en\/wp-json\/wp\/v2\/types\/page"}],"author":[{"embeddable":true,"href":"https:\/\/www.dmg-collection.fr\/en\/wp-json\/wp\/v2\/users\/1"}],"replies":[{"embeddable":true,"href":"https:\/\/www.dmg-collection.fr\/en\/wp-json\/wp\/v2\/comments?post=10253"}],"version-history":[{"count":8,"href":"https:\/\/www.dmg-collection.fr\/en\/wp-json\/wp\/v2\/pages\/10253\/revisions"}],"predecessor-version":[{"id":11770,"href":"https:\/\/www.dmg-collection.fr\/en\/wp-json\/wp\/v2\/pages\/10253\/revisions\/11770"}],"wp:attachment":[{"href":"https:\/\/www.dmg-collection.fr\/en\/wp-json\/wp\/v2\/media?parent=10253"}],"curies":[{"name":"wp","href":"https:\/\/api.w.org\/{rel}","templated":true}]}}